{"id":1562,"date":"2019-05-23T15:16:55","date_gmt":"2019-05-23T15:16:55","guid":{"rendered":"https:\/\/mudanzasmundiales.com\/cotizar\/"},"modified":"2020-03-03T09:08:30","modified_gmt":"2020-03-03T15:08:30","slug":"cotizar","status":"publish","type":"page","link":"https:\/\/mudanzasmundiales.com\/en\/cotizar\/","title":{"rendered":"Cotizar"},"content":{"rendered":"\n<div class=\"wpcf7 no-js\" id=\"wpcf7-f1472-o1\" lang=\"es-ES\" dir=\"ltr\">\n<div class=\"screen-reader-response\"><p role=\"status\" aria-live=\"polite\" aria-atomic=\"true\"><\/p> <ul><\/ul><\/div>\n<form action=\"\/en\/wp-json\/wp\/v2\/pages\/1562#wpcf7-f1472-o1\" method=\"post\" class=\"wpcf7-form init\" aria-label=\"Formulario de contacto\" novalidate=\"novalidate\" data-status=\"init\">\n<div style=\"display: none;\">\n<input type=\"hidden\" name=\"_wpcf7\" value=\"1472\" \/>\n<input type=\"hidden\" name=\"_wpcf7_version\" value=\"5.9.5\" \/>\n<input type=\"hidden\" name=\"_wpcf7_locale\" value=\"es_ES\" \/>\n<input type=\"hidden\" name=\"_wpcf7_unit_tag\" value=\"wpcf7-f1472-o1\" \/>\n<input type=\"hidden\" name=\"_wpcf7_container_post\" value=\"0\" \/>\n<input type=\"hidden\" name=\"_wpcf7_posted_data_hash\" value=\"\" \/>\n<\/div>\n<div class=\"form-cotizaciones\">\n\t<div class=\"row row_form aniview\" data-av-animation=\"fadeInUp\">\n\t<\/div>\n\t<p class=\"title_main_form\">PICK UP LOCATION INFORMATION\n\t<\/p>\n\t<div class=\"row row_form\">\n\t\t<div class=\"col-lg-4 col-md-4 col-12\">\n\t\t\t<p><span class=\"wpcf7-form-control-wrap\" data-name=\"email-845\"><input size=\"40\" class=\"wpcf7-form-control wpcf7-email wpcf7-validates-as-required wpcf7-text wpcf7-validates-as-email my_email\" id=\"inputs-form\" aria-required=\"true\" aria-invalid=\"false\" placeholder=\"Email*\" value=\"\" type=\"email\" name=\"email-845\" \/><\/span>\n\t\t\t<\/p>\n\t\t<\/div>\n\t\t<div class=\" col-lg-4 col-md-4 col-12\">\n\t\t\t<p><span class=\"wpcf7-form-control-wrap\" data-name=\"Name\"><input size=\"40\" class=\"wpcf7-form-control wpcf7-text wpcf7-validates-as-required form-Name\" aria-required=\"true\" aria-invalid=\"false\" placeholder=\"Name*\" value=\"\" type=\"text\" name=\"Name\" \/><\/span>\n\t\t\t<\/p>\n\t\t<\/div>\n\t\t<div class=\"col-lg-4 col-md-4 col-12\">\n\t\t\t<p><span class=\"wpcf7-form-control-wrap\" data-name=\"LastName\"><input size=\"40\" class=\"wpcf7-form-control wpcf7-text wpcf7-validates-as-required form-last-name\" aria-required=\"true\" aria-invalid=\"false\" placeholder=\"Last Name*\" value=\"\" type=\"text\" name=\"LastName\" \/><\/span>\n\t\t\t<\/p>\n\t\t<\/div>\n\t<\/div>\n\t<div class=\"row row_form\">\n\t\t<div class=\"col-md-4 col-12\">\n\t\t\t<p><span class=\"wpcf7-form-control-wrap\" data-name=\"tel-399\"><input size=\"40\" class=\"wpcf7-form-control wpcf7-tel wpcf7-validates-as-required wpcf7-text wpcf7-validates-as-tel form-phone\" aria-required=\"true\" aria-invalid=\"false\" placeholder=\"Phone:*\" value=\"\" type=\"tel\" name=\"tel-399\" \/><\/span>\n\t\t\t<\/p>\n\t\t<\/div>\n\t\t<div class=\"col-md-4 col-12\">\n\t\t\t<p><span class=\"wpcf7-form-control-wrap\" data-name=\"PickUpAddress\"><input size=\"40\" class=\"wpcf7-form-control wpcf7-text wpcf7-validates-as-required form-Pick-Up-Address\" aria-required=\"true\" aria-invalid=\"false\" placeholder=\"Pick Up Address*\" value=\"\" type=\"text\" name=\"PickUpAddress\" \/><\/span>\n\t\t\t<\/p>\n\t\t<\/div>\n\t\t<div class=\"col-md-4 col-12\">\n\t\t\t<p><span class=\"wpcf7-form-control-wrap\" data-name=\"PickUpAddress2\"><input size=\"40\" class=\"wpcf7-form-control wpcf7-text wpcf7-validates-as-required form-Pick-Up-Address-2\" aria-required=\"true\" aria-invalid=\"false\" placeholder=\"Pick Up Address 2*\" value=\"\" type=\"text\" name=\"PickUpAddress2\" \/><\/span>\n\t\t\t<\/p>\n\t\t<\/div>\n\t<\/div>\n\t<div class=\"row row_form\">\n\t\t<div class=\"col-md-4 col-12\">\n\t\t\t<p><span class=\"wpcf7-form-control-wrap\" data-name=\"City\"><input size=\"40\" class=\"wpcf7-form-control wpcf7-text wpcf7-validates-as-required form-city\" aria-required=\"true\" aria-invalid=\"false\" placeholder=\"City*\" value=\"\" type=\"text\" name=\"City\" \/><\/span>\n\t\t\t<\/p>\n\t\t<\/div>\n\t\t<div class=\"col-md-4  col-12\">\n\t\t\t<p><span class=\"wpcf7-form-control-wrap\" data-name=\"Country\"><input size=\"40\" class=\"wpcf7-form-control wpcf7-text wpcf7-validates-as-required form-Country\" aria-required=\"true\" aria-invalid=\"false\" placeholder=\"Country*\" value=\"\" type=\"text\" name=\"Country\" \/><\/span>\n\t\t\t<\/p>\n\t\t<\/div>\n\t\t<div class=\"col-md-4  col-12\">\n\t\t\t<p><span class=\"wpcf7-form-control-wrap\" data-name=\"Postal-Code\"><input class=\"wpcf7-form-control wpcf7-number wpcf7-validates-as-required wpcf7-validates-as-number form-Postal-Code\" aria-required=\"true\" aria-invalid=\"false\" placeholder=\"Postal Code*\" value=\"\" type=\"number\" name=\"Postal-Code\" \/><\/span>\n\t\t\t<\/p>\n\t\t<\/div>\n\t<\/div>\n<\/div>\n<div class=\"row row_form\">\n\t<div class=\"col-12\">\n\t\t<p class=\"title_main_form\">DESTINATION LOCATION INFORMATION\n\t\t<\/p>\n\t<\/div>\n<\/div>\n<div class=\"row row_form\">\n\t<div class=\"col-md-4 col-12\">\n\t\t<p><span class=\"wpcf7-form-control-wrap\" data-name=\"DestinationCity\"><input size=\"40\" class=\"wpcf7-form-control wpcf7-text wpcf7-validates-as-required form-Destination-City\" aria-required=\"true\" aria-invalid=\"false\" placeholder=\"Destination City*\" value=\"\" type=\"text\" name=\"DestinationCity\" \/><\/span>\n\t\t<\/p>\n\t<\/div>\n\t<div class=\"col-md-4 col-12\">\n\t\t<p><span class=\"wpcf7-form-control-wrap\" data-name=\"DestinationCountry\"><input size=\"40\" class=\"wpcf7-form-control wpcf7-text wpcf7-validates-as-required form-Destination-Country\" aria-required=\"true\" aria-invalid=\"false\" placeholder=\"Destination Country*\" value=\"\" type=\"text\" name=\"DestinationCountry\" \/><\/span>\n\t\t<\/p>\n\t<\/div>\n\t<div class=\"col-md-4 col-12\">\n\t\t<p><span class=\"wpcf7-form-control-wrap\" data-name=\"DestinationAddress\"><input size=\"40\" class=\"wpcf7-form-control wpcf7-text wpcf7-validates-as-required form-Destination-Address\" aria-required=\"true\" aria-invalid=\"false\" placeholder=\"Destination Address*\" value=\"\" type=\"text\" name=\"DestinationAddress\" \/><\/span>\n\t\t<\/p>\n\t<\/div>\n<\/div>\n<div class=\"row row_form\">\n\t<div class=\"col-md-4 col-12\">\n\t\t<p><span class=\"wpcf7-form-control-wrap\" data-name=\"DestinationAddress2\"><input size=\"40\" class=\"wpcf7-form-control wpcf7-text wpcf7-validates-as-required form-Destination-Address-2\" aria-required=\"true\" aria-invalid=\"false\" placeholder=\"Destination Address 2*\" value=\"\" type=\"text\" name=\"DestinationAddress2\" \/><\/span>\n\t\t<\/p>\n\t<\/div>\n\t<div class=\"col-md-4 col-12\">\n\t\t<p><span class=\"wpcf7-form-control-wrap\" data-name=\"Movingdate\"><input class=\"wpcf7-form-control wpcf7-date wpcf7-validates-as-required wpcf7-validates-as-date form-Movingdate\" aria-required=\"true\" aria-invalid=\"false\" placeholder=\"Moving date*\" value=\"\" type=\"date\" name=\"Movingdate\" \/><\/span>\n\t\t<\/p>\n\t<\/div>\n\t<div class=\"col-md-4 col-12\">\n\t\t<p><span class=\"wpcf7-form-control-wrap\" data-name=\"Hometype\"><input size=\"40\" class=\"wpcf7-form-control wpcf7-text wpcf7-validates-as-required form-Hometype\" aria-required=\"true\" aria-invalid=\"false\" placeholder=\"Home type*\" value=\"\" type=\"text\" name=\"Hometype\" \/><\/span>\n\t\t<\/p>\n\t<\/div>\n<\/div>\n<div class=\"row row_form\">\n\t<div class=\"col-12 d-flex justify-content-center\">\n\t\t<p class=\"title_main_form\">Who will pay for your move?*\n\t\t<\/p>\n\t\t<p><span class=\"wpcf7-form-control-wrap\" data-name=\"Quienvapagarportumudanza\"><span class=\"wpcf7-form-control wpcf7-radio Whowillpayforyourmove\"><span class=\"wpcf7-list-item first\"><input type=\"radio\" name=\"Quienvapagarportumudanza\" value=\"Myself\" checked=\"checked\" \/><span class=\"wpcf7-list-item-label\">Myself<\/span><\/span><span class=\"wpcf7-list-item last\"><input type=\"radio\" name=\"Quienvapagarportumudanza\" value=\"My Company\" \/><span class=\"wpcf7-list-item-label\">My Company<\/span><\/span><\/span><\/span>\n\t\t<\/p>\n\t<\/div>\n<\/div>\n<div class=\"row last-section\">\n\t<div class=\"col-lg-10 col-md-12 col-12 d-flex justify-content-center\"\">\n\t\t<p><span class=\"wpcf7-form-control-wrap\" data-name=\"Hearaboutus\"><select class=\"wpcf7-form-control wpcf7-select wpcf7-validates-as-required form-Hearaboutus\" aria-required=\"true\" aria-invalid=\"false\" name=\"Hearaboutus\"><option value=\"\u00bfHow did you hear about us?\">\u00bfHow did you hear about us?<\/option><option value=\"Facebook\">Facebook<\/option><option value=\"Google\">Google<\/option><option value=\"Reference\">Reference<\/option><option value=\"Other\">Other<\/option><\/select><\/span>\n\t\t<\/p>\n\t<\/div>\n\t<div class=\"col-xl-12 col-lg-10 col-md-12 col-sm-12 col-12 d-flex justify-content-center\"\">\n\t\t<p><span class=\"wpcf7-form-control-wrap\" data-name=\"Anyadditionalcomments\"><textarea cols=\"40\" rows=\"10\" class=\"wpcf7-form-control wpcf7-textarea form-comments\" id=\"col-comments-area\" aria-invalid=\"false\" placeholder=\"Any additional comments\" name=\"Anyadditionalcomments\"><\/textarea><\/span>\n\t\t<\/p>\n\t<\/div>\n<\/div>\n<div class=\"row row_form\">\n\t<div class=\"col-12\">\n\t\t<p><input class=\"wpcf7-form-control wpcf7-submit has-spinner wpcf7-submit-new\" type=\"submit\" value=\"Submit\" \/>\n\t\t<\/p>\n\t<\/div>\n<\/div>\n\n \n <p style=\"display: none !important;\" class=\"akismet-fields-container\" data-prefix=\"_wpcf7_ak_\"><label>&#916;<textarea name=\"_wpcf7_ak_hp_textarea\" cols=\"45\" rows=\"8\" maxlength=\"100\"><\/textarea><\/label><input type=\"hidden\" id=\"ak_js_1\" name=\"_wpcf7_ak_js\" value=\"47\"\/><script>document.getElementById( \"ak_js_1\" ).setAttribute( \"value\", ( new Date() ).getTime() );<\/script><\/p><div class=\"wpcf7-response-output\" aria-hidden=\"true\"><\/div>\n<\/form>\n<\/div>\n\n","protected":false},"excerpt":{"rendered":"","protected":false},"author":1,"featured_media":0,"parent":0,"menu_order":0,"comment_status":"closed","ping_status":"closed","template":"form-cotizacion.php","meta":{"_acf_changed":false,"footnotes":""},"acf":[],"yoast_head":"<!-- This site is optimized with the Yoast SEO plugin v22.7 - https:\/\/yoast.com\/wordpress\/plugins\/seo\/ -->\n<title>Cotizar - Log\u00edstica - Mudanzas - Relocation<\/title>\n<meta name=\"robots\" content=\"index, follow, max-snippet:-1, max-image-preview:large, max-video-preview:-1\" \/>\n<link rel=\"canonical\" href=\"https:\/\/mudanzasmundiales.com\/cotizar\/\" \/>\n<meta property=\"og:locale\" content=\"en_US\" \/>\n<meta property=\"og:type\" content=\"article\" \/>\n<meta property=\"og:title\" content=\"Cotizar - Log\u00edstica - Mudanzas - Relocation\" \/>\n<meta property=\"og:url\" content=\"https:\/\/mudanzasmundiales.com\/cotizar\/\" \/>\n<meta property=\"og:site_name\" content=\"Log\u00edstica - Mudanzas - Relocation\" \/>\n<meta property=\"article:publisher\" content=\"https:\/\/www.facebook.com\/Grupomudanzasmundiales\/\" \/>\n<meta property=\"article:modified_time\" content=\"2020-03-03T15:08:30+00:00\" \/>\n<meta name=\"twitter:card\" content=\"summary_large_image\" \/>\n<meta name=\"twitter:site\" content=\"@GMMundiales\" \/>\n<script type=\"application\/ld+json\" class=\"yoast-schema-graph\">{\"@context\":\"https:\/\/schema.org\",\"@graph\":[{\"@type\":\"WebPage\",\"@id\":\"https:\/\/mudanzasmundiales.com\/cotizar\/\",\"url\":\"https:\/\/mudanzasmundiales.com\/cotizar\/\",\"name\":\"Cotizar - Log\u00edstica - Mudanzas - Relocation\",\"isPartOf\":{\"@id\":\"https:\/\/mudanzasmundiales.com\/#website\"},\"datePublished\":\"2019-05-23T15:16:55+00:00\",\"dateModified\":\"2020-03-03T15:08:30+00:00\",\"breadcrumb\":{\"@id\":\"https:\/\/mudanzasmundiales.com\/cotizar\/#breadcrumb\"},\"inLanguage\":\"en-US\",\"potentialAction\":[{\"@type\":\"ReadAction\",\"target\":[\"https:\/\/mudanzasmundiales.com\/cotizar\/\"]}]},{\"@type\":\"BreadcrumbList\",\"@id\":\"https:\/\/mudanzasmundiales.com\/cotizar\/#breadcrumb\",\"itemListElement\":[{\"@type\":\"ListItem\",\"position\":1,\"name\":\"Portada\",\"item\":\"https:\/\/mudanzasmundiales.com\/en\/\"},{\"@type\":\"ListItem\",\"position\":2,\"name\":\"Cotizar\"}]},{\"@type\":\"WebSite\",\"@id\":\"https:\/\/mudanzasmundiales.com\/#website\",\"url\":\"https:\/\/mudanzasmundiales.com\/\",\"name\":\"mudanzas mundiales\",\"description\":\"Log\u00edstica integrada con 67 a\u00f1os de trayectoria. Soluciones globales de mudanza internacional, gesti\u00f3n de carga y almacenamiento especializado\",\"publisher\":{\"@id\":\"https:\/\/mudanzasmundiales.com\/#organization\"},\"potentialAction\":[{\"@type\":\"SearchAction\",\"target\":{\"@type\":\"EntryPoint\",\"urlTemplate\":\"https:\/\/mudanzasmundiales.com\/?s={search_term_string}\"},\"query-input\":\"required name=search_term_string\"}],\"inLanguage\":\"en-US\"},{\"@type\":\"Organization\",\"@id\":\"https:\/\/mudanzasmundiales.com\/#organization\",\"name\":\"Mudanzas Mundiales\",\"url\":\"https:\/\/mudanzasmundiales.com\/\",\"logo\":{\"@type\":\"ImageObject\",\"inLanguage\":\"en-US\",\"@id\":\"https:\/\/mudanzasmundiales.com\/#\/schema\/logo\/image\/\",\"url\":\"https:\/\/mudanzasmundiales.com\/wp-content\/uploads\/2017\/10\/logo_4.png\",\"contentUrl\":\"https:\/\/mudanzasmundiales.com\/wp-content\/uploads\/2017\/10\/logo_4.png\",\"width\":371,\"height\":275,\"caption\":\"Mudanzas Mundiales\"},\"image\":{\"@id\":\"https:\/\/mudanzasmundiales.com\/#\/schema\/logo\/image\/\"},\"sameAs\":[\"https:\/\/www.facebook.com\/Grupomudanzasmundiales\/\",\"https:\/\/x.com\/GMMundiales\",\"https:\/\/www.linkedin.com\/company\/10219182\/admin\/updates\/\"]}]}<\/script>\n<!-- \/ Yoast SEO plugin. -->","yoast_head_json":{"title":"Cotizar - Log\u00edstica - Mudanzas - Relocation","robots":{"index":"index","follow":"follow","max-snippet":"max-snippet:-1","max-image-preview":"max-image-preview:large","max-video-preview":"max-video-preview:-1"},"canonical":"https:\/\/mudanzasmundiales.com\/cotizar\/","og_locale":"en_US","og_type":"article","og_title":"Cotizar - Log\u00edstica - Mudanzas - Relocation","og_url":"https:\/\/mudanzasmundiales.com\/cotizar\/","og_site_name":"Log\u00edstica - Mudanzas - Relocation","article_publisher":"https:\/\/www.facebook.com\/Grupomudanzasmundiales\/","article_modified_time":"2020-03-03T15:08:30+00:00","twitter_card":"summary_large_image","twitter_site":"@GMMundiales","schema":{"@context":"https:\/\/schema.org","@graph":[{"@type":"WebPage","@id":"https:\/\/mudanzasmundiales.com\/cotizar\/","url":"https:\/\/mudanzasmundiales.com\/cotizar\/","name":"Cotizar - Log\u00edstica - Mudanzas - Relocation","isPartOf":{"@id":"https:\/\/mudanzasmundiales.com\/#website"},"datePublished":"2019-05-23T15:16:55+00:00","dateModified":"2020-03-03T15:08:30+00:00","breadcrumb":{"@id":"https:\/\/mudanzasmundiales.com\/cotizar\/#breadcrumb"},"inLanguage":"en-US","potentialAction":[{"@type":"ReadAction","target":["https:\/\/mudanzasmundiales.com\/cotizar\/"]}]},{"@type":"BreadcrumbList","@id":"https:\/\/mudanzasmundiales.com\/cotizar\/#breadcrumb","itemListElement":[{"@type":"ListItem","position":1,"name":"Portada","item":"https:\/\/mudanzasmundiales.com\/en\/"},{"@type":"ListItem","position":2,"name":"Cotizar"}]},{"@type":"WebSite","@id":"https:\/\/mudanzasmundiales.com\/#website","url":"https:\/\/mudanzasmundiales.com\/","name":"mudanzas mundiales","description":"Log\u00edstica integrada con 67 a\u00f1os de trayectoria. Soluciones globales de mudanza internacional, gesti\u00f3n de carga y almacenamiento especializado","publisher":{"@id":"https:\/\/mudanzasmundiales.com\/#organization"},"potentialAction":[{"@type":"SearchAction","target":{"@type":"EntryPoint","urlTemplate":"https:\/\/mudanzasmundiales.com\/?s={search_term_string}"},"query-input":"required name=search_term_string"}],"inLanguage":"en-US"},{"@type":"Organization","@id":"https:\/\/mudanzasmundiales.com\/#organization","name":"Mudanzas Mundiales","url":"https:\/\/mudanzasmundiales.com\/","logo":{"@type":"ImageObject","inLanguage":"en-US","@id":"https:\/\/mudanzasmundiales.com\/#\/schema\/logo\/image\/","url":"https:\/\/mudanzasmundiales.com\/wp-content\/uploads\/2017\/10\/logo_4.png","contentUrl":"https:\/\/mudanzasmundiales.com\/wp-content\/uploads\/2017\/10\/logo_4.png","width":371,"height":275,"caption":"Mudanzas Mundiales"},"image":{"@id":"https:\/\/mudanzasmundiales.com\/#\/schema\/logo\/image\/"},"sameAs":["https:\/\/www.facebook.com\/Grupomudanzasmundiales\/","https:\/\/x.com\/GMMundiales","https:\/\/www.linkedin.com\/company\/10219182\/admin\/updates\/"]}]}},"_links":{"self":[{"href":"https:\/\/mudanzasmundiales.com\/en\/wp-json\/wp\/v2\/pages\/1562"}],"collection":[{"href":"https:\/\/mudanzasmundiales.com\/en\/wp-json\/wp\/v2\/pages"}],"about":[{"href":"https:\/\/mudanzasmundiales.com\/en\/wp-json\/wp\/v2\/types\/page"}],"author":[{"embeddable":true,"href":"https:\/\/mudanzasmundiales.com\/en\/wp-json\/wp\/v2\/users\/1"}],"replies":[{"embeddable":true,"href":"https:\/\/mudanzasmundiales.com\/en\/wp-json\/wp\/v2\/comments?post=1562"}],"version-history":[{"count":2,"href":"https:\/\/mudanzasmundiales.com\/en\/wp-json\/wp\/v2\/pages\/1562\/revisions"}],"predecessor-version":[{"id":1728,"href":"https:\/\/mudanzasmundiales.com\/en\/wp-json\/wp\/v2\/pages\/1562\/revisions\/1728"}],"wp:attachment":[{"href":"https:\/\/mudanzasmundiales.com\/en\/wp-json\/wp\/v2\/media?parent=1562"}],"curies":[{"name":"wp","href":"https:\/\/api.w.org\/{rel}","templated":true}]}}